{"id":4225,"date":"2024-11-11T14:02:14","date_gmt":"2024-11-11T14:02:14","guid":{"rendered":"https:\/\/santaritadentalcare.com\/bakersfield-ca\/"},"modified":"2024-11-11T14:06:33","modified_gmt":"2024-11-11T14:06:33","slug":"bakersfield-ca","status":"publish","type":"page","link":"https:\/\/santaritadentalcare.com\/es\/bakersfield-ca\/","title":{"rendered":"Bakersfield, CA"},"content":{"rendered":"\n<figure class=\"wp-block-image size-large\"><img loading=\"lazy\" decoding=\"async\" width=\"1024\" height=\"682\" src=\"https:\/\/santaritadentalcare.com\/wp-content\/uploads\/2024\/11\/Bakersfield-dentist-1024x682.jpeg\" alt=\"Dentista Bakersfield\" class=\"wp-image-4220\" srcset=\"https:\/\/santaritadentalcare.com\/wp-content\/uploads\/2024\/11\/Bakersfield-dentist-980x653.jpeg 980w, https:\/\/santaritadentalcare.com\/wp-content\/uploads\/2024\/11\/Bakersfield-dentist-480x320.jpeg 480w\" sizes=\"(min-width: 0px) and (max-width: 480px) 480px, (min-width: 481px) and (max-width: 980px) 980px, (min-width: 981px) 1024px, 100vw\" \/><\/figure>\n\n<h3 class=\"wp-block-heading\">Al servicio de los pacientes en Bakersfield, CA<\/h3>\n\n<p>Bienvenido a Santa Rita Dental, tu principal destino para una atenci\u00f3n dental integral en Bakersfield. Nuestra cl\u00ednica est\u00e1 dirigida por la muy estimada Dra. Tisa Siadatie, una dentista de Bakersfield conocida por su experiencia y su enfoque compasivo de la atenci\u00f3n dental. <a href=\"https:\/\/santaritadentalcare.com\/es\/sobre-nosotros-2\/\">En Santa Rita Dental<\/a>, nos comprometemos a proporcionar a cada paciente tratamientos personalizados que satisfagan sus necesidades \u00fanicas en un entorno acogedor y confortable. <\/p>\n\n<p>Nuestras modernas instalaciones est\u00e1n equipadas con la tecnolog\u00eda dental m\u00e1s avanzada para garantizar que cada tratamiento sea preciso y eficaz. Tanto si necesitas una <a href=\"https:\/\/santaritadentalcare.com\/es\/servicios-2\/tratamiento-y-limpieza-de-encias-2\/\">limpieza rutinaria<\/a> como un <a href=\"https:\/\/santaritadentalcare.com\/es\/servicios-2\/implantes-dentales-2\/\">procedimiento restaurador complejo<\/a> o <a href=\"https:\/\/santaritadentalcare.com\/es\/servicios-2\/blanqueamiento-dental\/\">mejoras est\u00e9ticas<\/a>, puedes confiar en que recibir\u00e1s una atenci\u00f3n de primer nivel. Al Dr. Siadatie y a nuestro entregado equipo les apasiona ayudarte a conseguir y mantener una salud dental \u00f3ptima.  <\/p>\n\n<p>Situada en el centro, Santa Rita Dental es f\u00e1cilmente accesible para los residentes de Bakersfield y sus alrededores. Entendemos la importancia de la comodidad cuando se trata de tus citas con el dentista, y nuestra consulta se ha dise\u00f1ado pensando en tu comodidad y accesibilidad. Vis\u00edtanos para experimentar un nivel diferente de atenci\u00f3n dental donde tu salud y satisfacci\u00f3n son nuestras principales prioridades.  <\/p>\n\n<h3 class=\"wp-block-heading\">C\u00f3mo llegar a nuestra consulta<\/h3>\n\n<p>Si nunca has estado en nuestra consulta, aqu\u00ed tienes 2 rutas f\u00e1ciles que puedes tomar, empezando por la <a href=\"https:\/\/kerncountylibrary.org\/about-the-kern-county-library\/\" target=\"_blank\" rel=\"noreferrer noopener\">Biblioteca Beale Memorial<\/a>.<\/p>\n\n<ol class=\"wp-block-list\">\n<li>Dir\u00edgete al oeste por Truxton Ave, luego gira a la izquierda por Chester Ave y a la derecha por Brundage Ln. Contin\u00faa m\u00e1s all\u00e1 del paso elevado cuando se convierta en Stockade Hwy, luego gira en U en la intersecci\u00f3n con McDonald Way y f\u00edjate en nosotros cuando lleguemos a tu derecha, justo antes del giro hacia Griffiths St.   <\/li>\n\n\n\n<li>En lugar de eso, podr\u00edas salir de la biblioteca por la calle Q en direcci\u00f3n sur, girar a la derecha por la avenida California, luego a la izquierda por la calle Oak, girar a la derecha por la autopista Stockade y continuar como en el primer conjunto de indicaciones.<\/li>\n<\/ol>\n\n<h3 class=\"wp-block-heading\">\u00bfCu\u00e1nta historia local conoces?<\/h3>\n\n<p>La historia de Bakersfield est\u00e1 profundamente arraigada en sus primeros encuentros y desarrollos, empezando por la exploraci\u00f3n del misionero espa\u00f1ol Francisco Garc\u00e9s en 1776. Fue el primer europeo que visit\u00f3 la zona, acogido calurosamente por los yokuts. La regi\u00f3n permaneci\u00f3 relativamente aislada hasta despu\u00e9s de la Guerra de Independencia mexicana, cuando vio una afluencia de colonos, estimulada por los descubrimientos de oro en California y localmente a lo largo del r\u00edo Kern en 1851, seguidos por el petr\u00f3leo en 1865. El asentamiento inicial, conocido como Kern Island, evolucion\u00f3 en medio de desaf\u00edos como las inundaciones y la malaria, sentando las bases de la futura ciudad.   <\/p>\n\n<p>La ciudad de Bakersfield recibi\u00f3 oficialmente el nombre de Thomas Baker en 1863, una importante figura de la \u00e9poca de la fiebre del oro que se asent\u00f3 junto al r\u00edo Kern. Se constituy\u00f3 oficialmente como ciudad en 1873 y se convirti\u00f3 en la capital del condado en 1874, sustituyendo a Havilah. La primera ciudad se enfrent\u00f3 a varias adversidades, como inundaciones, malaria e incluso la necesidad de desincorporarse en 1876 debido a problemas fiscales, s\u00f3lo para reincorporarse en 1898. El establecimiento de conexiones ferroviarias, en particular el \u00abFerrocarril del Pueblo\u00bb en 1895, marc\u00f3 un desarrollo cr\u00edtico, mejorando la conectividad y la posici\u00f3n econ\u00f3mica de Bakersfield, sentando las bases para su crecimiento hasta convertirse en un importante centro urbano de la regi\u00f3n.   <\/p>\n\n<h3 class=\"wp-block-heading\">\u00a1Esperamos verte!<\/h3>\n\n<p>En Santa Rita Dental, creemos que una atenci\u00f3n dental excelente va m\u00e1s all\u00e1 del tratamiento de los dientes: se trata de tratar a las personas con amabilidad, respeto y comprensi\u00f3n. La Dra. Tisa Siadatie y todo nuestro equipo se dedican a garantizar que tus visitas sean lo m\u00e1s c\u00f3modas y libres de estr\u00e9s posible. Nos enorgullecemos de nuestro enfoque centrado en el paciente, centr\u00e1ndonos en una atenci\u00f3n integral que promueve no s\u00f3lo la salud dental, sino el bienestar general. Te invitamos a unirte a la familia de Santa Rita Dental, donde encontrar\u00e1s no s\u00f3lo un dentista de Bakersfield, sino un equipo comprometido con la protecci\u00f3n y mejora de tu sonrisa.   <\/p>\n\n<p>Tanto si eres un nuevo residente que busca <a href=\"https:\/\/maps.app.goo.gl\/QdEEYTaeDw8Vr4jZ9\" target=\"_blank\" rel=\"noreferrer noopener\">un dentista de confianza en Bakersfield<\/a> como si llevas mucho tiempo en la localidad y buscas atenci\u00f3n dental de la m\u00e1xima calidad, Santa Rita Dental est\u00e1 aqu\u00ed para servirte. Con nuestra pr\u00e1ctica ubicaci\u00f3n, instalaciones de vanguardia y un ambiente c\u00e1lido y acogedor, hacemos que cuidar de tu salud dental sea f\u00e1cil y agradable. Programa tu visita hoy mismo y experimenta la diferencia en nuestra atenci\u00f3n, donde tu sonrisa y satisfacci\u00f3n son el testimonio definitivo de nuestro \u00e9xito.  <\/p>\n\n<iframe src=\"https:\/\/www.google.com\/maps\/embed?pb=!1m14!1m8!1m3!1d18507.512851388485!2d-119.0501753!3d35.3539539!3m2!1i1024!2i768!4f13.1!3m3!1m2!1s0x80ea41e3a5f7f1a9%3A0xe57f6469dcc94e04!2sSanta%20Rita%20Dental!5e1!3m2!1sen!2sus!4v1730697064313!5m2!1sen!2sus\" width=\"600\" height=\"450\" style=\"border:0;\" allowfullscreen=\"\" loading=\"lazy\" referrerpolicy=\"no-referrer-when-downgrade\"><\/iframe>\n","protected":false},"excerpt":{"rendered":"<p>Al servicio de los pacientes en Bakersfield, CA Bienvenido a Santa Rita Dental, tu principal destino para una atenci\u00f3n dental integral en Bakersfield. Nuestra cl\u00ednica est\u00e1 dirigida por la muy estimada Dra. Tisa Siadatie, una dentista de Bakersfield conocida por su experiencia y su enfoque compasivo de la atenci\u00f3n dental. En Santa Rita Dental, nos [&hellip;]<\/p>\n","protected":false},"author":8,"featured_media":4221,"parent":0,"menu_order":0,"comment_status":"closed","ping_status":"closed","template":"","meta":{"_et_pb_use_builder":"off","_et_pb_old_content":"","_et_gb_content_width":"","footnotes":""},"class_list":["post-4225","page","type-page","status-publish","has-post-thumbnail","hentry"],"_links":{"self":[{"href":"https:\/\/santaritadentalcare.com\/es\/wp-json\/wp\/v2\/pages\/4225","targetHints":{"allow":["GET"]}}],"collection":[{"href":"https:\/\/santaritadentalcare.com\/es\/wp-json\/wp\/v2\/pages"}],"about":[{"href":"https:\/\/santaritadentalcare.com\/es\/wp-json\/wp\/v2\/types\/page"}],"author":[{"embeddable":true,"href":"https:\/\/santaritadentalcare.com\/es\/wp-json\/wp\/v2\/users\/8"}],"replies":[{"embeddable":true,"href":"https:\/\/santaritadentalcare.com\/es\/wp-json\/wp\/v2\/comments?post=4225"}],"version-history":[{"count":1,"href":"https:\/\/santaritadentalcare.com\/es\/wp-json\/wp\/v2\/pages\/4225\/revisions"}],"predecessor-version":[{"id":4226,"href":"https:\/\/santaritadentalcare.com\/es\/wp-json\/wp\/v2\/pages\/4225\/revisions\/4226"}],"wp:featuredmedia":[{"embeddable":true,"href":"https:\/\/santaritadentalcare.com\/es\/wp-json\/wp\/v2\/media\/4221"}],"wp:attachment":[{"href":"https:\/\/santaritadentalcare.com\/es\/wp-json\/wp\/v2\/media?parent=4225"}],"curies":[{"name":"wp","href":"https:\/\/api.w.org\/{rel}","templated":true}]}}