{"id":785,"date":"2023-01-02T00:08:52","date_gmt":"2023-01-02T00:08:52","guid":{"rendered":"https:\/\/santaritadentalcare.com\/invisalign\/"},"modified":"2024-06-17T04:39:31","modified_gmt":"2024-06-17T04:39:31","slug":"invisalign","status":"publish","type":"page","link":"https:\/\/santaritadentalcare.com\/es\/servicios-2\/invisalign\/","title":{"rendered":"Invisalign"},"content":{"rendered":"<p>[et_pb_section fb_built=\u00bb1&#8243; custom_padding_last_edited=\u00bbon|phone\u00bb admin_label=\u00bbHeader\u00bb _builder_version=\u00bb4.16&#8243; use_background_color_gradient=\u00bbon\u00bb background_color_gradient_stops=\u00bb#f6f7fa 0%|#ffffff 100%\u00bb background_color_gradient_overlays_image=\u00bbon\u00bb background_color_gradient_start=\u00bb#f6f7fa\u00bb background_color_gradient_end=\u00bb#ffffff\u00bb background_position=\u00bbcenter_right\u00bb custom_margin=\u00bb|||\u00bb custom_padding=\u00bb6vw||4vw||false|false\u00bb custom_padding_tablet=\u00bb||||false|false\u00bb custom_padding_phone=\u00bb||||false|false\u00bb global_colors_info=\u00bb{}\u00bb][et_pb_row _builder_version=\u00bb4.16&#8243; global_colors_info=\u00bb{}\u00bb][et_pb_column type=\u00bb4_4&#8243; _builder_version=\u00bb4.16&#8243; custom_padding=\u00bb|||\u00bb global_colors_info=\u00bb{}\u00bb custom_padding__hover=\u00bb|||\u00bb][et_pb_text _builder_version=\u00bb4.25.1&#8243; text_font=\u00bb||||||||\u00bb header_font=\u00bbCantata One||||||||\u00bb header_font_size=\u00bb50px\u00bb header_line_height=\u00bb1.4em\u00bb header_2_font=\u00bb||||||||\u00bb header_2_text_color=\u00bbrgba(0,0,0,0.35)\u00bb header_2_font_size=\u00bb20px\u00bb header_2_line_height=\u00bb1.6em\u00bb text_orientation=\u00bbcenter\u00bb animation_style=\u00bbslide\u00bb animation_direction=\u00bbbottom\u00bb hover_enabled=\u00bb0&#8243; header_font_size_tablet=\u00bb35px\u00bb header_font_size_phone=\u00bb25px\u00bb header_font_size_last_edited=\u00bbon|desktop\u00bb global_colors_info=\u00bb{}\u00bb sticky_enabled=\u00bb0&#8243;]<\/p>\n<h1>Invisalign en Bakersfield &#8211; Santa Rita Dental Care<\/h1>\n<p>En Santa Rita Dental Care, estamos especializados en <strong>Invisalign en Bakersfield<\/strong>, ofreciendo una forma moderna y discreta de enderezar tus dientes.<br \/>Nuestro experimentado equipo se dedica a proporcionar un tratamiento personalizado para ayudarte a conseguir una sonrisa bella y sana.<\/p>\n<p>[\/et_pb_text][et_pb_button button_url=\u00bb@ET-DC@eyJkeW5hbWljIjp0cnVlLCJjb250ZW50IjoicG9zdF9saW5rX3VybF9wYWdlIiwic2V0dGluZ3MiOnsicG9zdF9pZCI6IjIwMSJ9fQ==@\u00bb button_text=\u00bbReservar cita\u00bb button_alignment=\u00bbcenter\u00bb _builder_version=\u00bb4.19.4&#8243; _dynamic_attributes=\u00bbbutton_url\u00bb custom_button=\u00bbon\u00bb button_text_size=\u00bb16px\u00bb button_text_color=\u00bb#ffffff\u00bb button_bg_color=\u00bb#52a8ff\u00bb button_border_width=\u00bb7px\u00bb button_border_color=\u00bbrgba(0,0,0,0)\u00bb button_border_radius=\u00bb100px\u00bb button_font=\u00bbOpen Sans|700|||||||\u00bb animation_style=\u00bbslide\u00bb animation_direction=\u00bbbottom\u00bb button_text_color_hover=\u00bb#ffffff\u00bb button_border_color_hover=\u00bbrgba(0,0,0,0)\u00bb button_border_radius_hover=\u00bb100px\u00bb button_bg_color_hover=\u00bb#0059c3&#8243; global_colors_info=\u00bb{}\u00bb button_text_size__hover_enabled=\u00bboff\u00bb button_one_text_size__hover_enabled=\u00bboff\u00bb button_two_text_size__hover_enabled=\u00bboff\u00bb button_text_color__hover_enabled=\u00bbon\u00bb button_text_color__hover=\u00bb#ffffff\u00bb button_one_text_color__hover_enabled=\u00bboff\u00bb button_two_text_color__hover_enabled=\u00bboff\u00bb button_border_width__hover_enabled=\u00bboff\u00bb button_one_border_width__hover_enabled=\u00bboff\u00bb button_two_border_width__hover_enabled=\u00bboff\u00bb button_border_color__hover_enabled=\u00bbon\u00bb button_border_color__hover=\u00bbrgba(0,0,0,0)\u00bb button_one_border_color__hover_enabled=\u00bboff\u00bb button_two_border_color__hover_enabled=\u00bboff\u00bb button_border_radius__hover_enabled=\u00bbon\u00bb button_border_radius__hover=\u00bb100px\u00bb button_one_border_radius__hover_enabled=\u00bboff\u00bb button_two_border_radius__hover_enabled=\u00bboff\u00bb button_letter_spacing__hover_enabled=\u00bboff\u00bb button_one_letter_spacing__hover_enabled=\u00bboff\u00bb button_two_letter_spacing__hover_enabled=\u00bboff\u00bb button_bg_color__hover_enabled=\u00bbon\u00bb button_bg_color__hover=\u00bb#0059c3&#8243; button_one_bg_color__hover_enabled=\u00bboff\u00bb button_two_bg_color__hover_enabled=\u00bboff\u00bb][\/et_pb_button][\/et_pb_column][\/et_pb_row][\/et_pb_section][et_pb_section fb_built=\u00bb1&#8243; admin_label=\u00bbOur Mission\u00bb _builder_version=\u00bb4.16&#8243; background_color=\u00bb#dce1ea\u00bb use_background_color_gradient=\u00bbon\u00bb background_color_gradient_stops=\u00bb#ffffff 0%|rgba(255,255,255,0.29) 100%\u00bb background_color_gradient_overlays_image=\u00bbon\u00bb background_color_gradient_start=\u00bb#ffffff\u00bb background_color_gradient_end=\u00bbrgba(255,255,255,0.29)\u00bb background_image=\u00bbhttps:\/\/santaritadentalcare.com\/wp-content\/uploads\/2023\/01\/dentist-19.png\u00bb custom_padding=\u00bb0||9vw||false|false\u00bb global_colors_info=\u00bb{}\u00bb][et_pb_row _builder_version=\u00bb4.25.1&#8243; _module_preset=\u00bbdefault\u00bb][et_pb_column _builder_version=\u00bb4.25.1&#8243; _module_preset=\u00bbdefault\u00bb type=\u00bb4_4&#8243;][et_pb_text _builder_version=\u00bb4.25.1&#8243; _module_preset=\u00bbdefault\u00bb hover_enabled=\u00bb0&#8243; sticky_enabled=\u00bb0&#8243;]<\/p>\n<h2>\u00bfQu\u00e9 es Invisalign?<\/h2>\n<p>Invisalign es una serie de alineadores transparentes y extra\u00edbles hechos a medida de tus dientes. Estos alineadores mueven gradualmente tus dientes hasta la posici\u00f3n deseada. En Santa Rita Dental Care, ofrecemos <strong>Invisalign<\/strong> de m\u00e1xima calidad <strong>en Bakersfield<\/strong> para ayudarte a conseguir la sonrisa que siempre has deseado.<\/p>\n<h2>El procedimiento Invisalign<\/h2>\n<p>El proceso para conseguir <strong>Invisalign en Bakersfield<\/strong> implica varios pasos:<\/p>\n<ol>\n<li><strong>Consulta:<\/strong> Nuestros expertos dentales evaluar\u00e1n tus dientes y hablar\u00e1n de tus objetivos para determinar si Invisalign es la opci\u00f3n adecuada para ti.<\/li>\n<li><strong>Plan de tratamiento personalizado:<\/strong> Creamos un plan de tratamiento personalizado utilizando tecnolog\u00eda de imagen en 3D para mostrarte el movimiento previsto de tus dientes.<\/li>\n<li><strong>Fabricaci\u00f3n de alineadores:<\/strong> Bas\u00e1ndose en el plan de tratamiento, se fabrican una serie de alineadores personalizados espec\u00edficamente para ti.<\/li>\n<li><strong>Uso de los alineadores:<\/strong> Llevar\u00e1s cada juego de alineadores durante unas dos semanas, y s\u00f3lo te los quitar\u00e1s para comer, beber, cepillarte los dientes y usar hilo dental.<\/li>\n<li><strong>Visitas de seguimiento:<\/strong> Las revisiones peri\u00f3dicas con nuestro equipo dental garantizan que tu tratamiento progresa seg\u00fan lo previsto.<\/li>\n<\/ol>\n<h2>Ventajas de Invisalign<\/h2>\n<p>Elegir <strong>Invisalign en Bakersfield<\/strong>, en Santa Rita Dental Care, ofrece numerosas ventajas, entre ellas:<\/p>\n<ul>\n<li>Alineadores pr\u00e1cticamente invisibles<\/li>\n<li>C\u00f3modo y extra\u00edble<\/li>\n<li>Sin restricciones diet\u00e9ticas<\/li>\n<li>Menos visitas al dentista que con los aparatos tradicionales<\/li>\n<\/ul>\n<h2>Tipos de Invisalign<\/h2>\n<p>Ofrecemos distintos tipos de Invisalign para adaptarnos a tus necesidades, como Invisalign Full, Invisalign Teen e Invisalign Express. Nuestro equipo dental te ayudar\u00e1 a elegir la mejor opci\u00f3n en funci\u00f3n de tus necesidades espec\u00edficas.<\/p>\n<h2>Cuidados postoperatorios de Invisalign<\/h2>\n<p>Mantener tu <strong>Invisalign en Bakersfield<\/strong> es sencillo con los cuidados adecuados. Aqu\u00ed tienes algunos consejos:<\/p>\n<ul>\n<li>Cep\u00edllate los dientes y usa hilo dental con regularidad para mantener la higiene bucodental<\/li>\n<li>Limpia tus alineadores con cristales de limpieza Invisalign o con un cepillo de dientes suave<\/li>\n<li>Evita comer o beber cualquier cosa que no sea agua mientras lleves los alineadores<\/li>\n<li>Visita a tu dentista para revisiones peri\u00f3dicas y para recibir tu siguiente juego de alineadores<\/li>\n<\/ul>\n<p>[\/et_pb_text][\/et_pb_column][\/et_pb_row][et_pb_row _builder_version=\u00bb4.25.1&#8243; _module_preset=\u00bbdefault\u00bb][et_pb_column _builder_version=\u00bb4.25.1&#8243; _module_preset=\u00bbdefault\u00bb type=\u00bb4_4&#8243;][et_pb_text _builder_version=\u00bb4.25.1&#8243; _module_preset=\u00bbdefault\u00bb hover_enabled=\u00bb0&#8243; sticky_enabled=\u00bb0&#8243;]<\/p>\n<h2>Testimonios de pacientes<\/h2>\n<p>Nuestros pacientes nos conf\u00edan su atenci\u00f3n dental. Esto es lo que tienen que decir sobre su experiencia con Invisalign en Santa Rita Dental Care:<\/p>\n<blockquote>\n<p>\u00abEl equipo de Santa Rita Dental Care hizo que mi tratamiento Invisalign fuera f\u00e1cil y c\u00f3modo. Me encanta mi nueva sonrisa y los alineadores eran pr\u00e1cticamente invisibles!\u00bb &#8211; Sarah M.<\/p>\n<\/blockquote>\n<h2>Preguntas frecuentes<\/h2>\n<h3>\u00bfEs doloroso Invisalign?<\/h3>\n<p>La mayor\u00eda de los pacientes experimentan molestias m\u00ednimas cuando empiezan a llevar los alineadores Invisalign. Esto es se\u00f1al de que los alineadores est\u00e1n trabajando para mover tus dientes a su nueva posici\u00f3n. Las molestias suelen remitir al cabo de unos d\u00edas.<\/p>\n<h3>\u00bfCu\u00e1nto dura el tratamiento Invisalign?<\/h3>\n<p>La duraci\u00f3n del tratamiento Invisalign var\u00eda en funci\u00f3n de la complejidad de tu caso. Por t\u00e9rmino medio, el tratamiento puede durar entre 12 y 18 meses. Nuestro equipo dental te proporcionar\u00e1 un plan de tratamiento personalizado durante la consulta.<\/p>\n<p>[\/et_pb_text][\/et_pb_column][\/et_pb_row][\/et_pb_section][et_pb_section fb_built=\u00bb1&#8243; admin_label=\u00bbFooter\u00bb _builder_version=\u00bb4.16&#8243; use_background_color_gradient=\u00bbon\u00bb background_color_gradient_direction=\u00bb108deg\u00bb background_color_gradient_stops=\u00bb#0059c3 0%|#0081ff 100%\u00bb background_color_gradient_start=\u00bb#0059c3&#8243; background_color_gradient_end=\u00bb#0081ff\u00bb background_image=\u00bbhttps:\/\/santaritadentalcare.com\/wp-content\/uploads\/2023\/01\/dentist-08.png\u00bb parallax=\u00bbon\u00bb max_width=\u00bb90%\u00bb module_alignment=\u00bbcenter\u00bb custom_padding=\u00bb80px|0px|0vw|0px|false|false\u00bb animation_style=\u00bbroll\u00bb animation_direction=\u00bbtop\u00bb animation_intensity_roll=\u00bb2%\u00bb border_radii=\u00bb|||50vw|50vw\u00bb global_colors_info=\u00bb{}\u00bb][et_pb_row column_structure=\u00bb1_2,1_2&#8243; _builder_version=\u00bb4.16&#8243; locked=\u00bboff\u00bb global_colors_info=\u00bb{}\u00bb][et_pb_column type=\u00bb1_2&#8243; _builder_version=\u00bb4.16&#8243; custom_padding=\u00bb|||\u00bb global_colors_info=\u00bb{}\u00bb custom_padding__hover=\u00bb|||\u00bb][et_pb_image src=\u00bbhttps:\/\/santaritadentalcare.com\/wp-content\/uploads\/2023\/01\/dentist-06.png\u00bb align_tablet=\u00bbcenter\u00bb align_phone=\u00bbcenter\u00bb align_last_edited=\u00bbon|desktop\u00bb _builder_version=\u00bb4.16&#8243; animation_direction=\u00bbtop\u00bb global_colors_info=\u00bb{}\u00bb][\/et_pb_image][\/et_pb_column][et_pb_column type=\u00bb1_2&#8243; _builder_version=\u00bb4.16&#8243; custom_padding=\u00bb|||\u00bb global_colors_info=\u00bb{}\u00bb custom_padding__hover=\u00bb|||\u00bb][et_pb_text _builder_version=\u00bb4.25.1&#8243; text_font=\u00bb||||||||\u00bb header_2_font=\u00bbCantata One||||||||\u00bb header_2_font_size=\u00bb50px\u00bb header_2_line_height=\u00bb1.4em\u00bb background_layout=\u00bbdark\u00bb animation_style=\u00bbslide\u00bb animation_direction=\u00bbbottom\u00bb hover_enabled=\u00bb0&#8243; header_2_font_size_tablet=\u00bb35px\u00bb header_2_font_size_phone=\u00bb25px\u00bb header_2_font_size_last_edited=\u00bbon|desktop\u00bb locked=\u00bboff\u00bb global_colors_info=\u00bb{}\u00bb sticky_enabled=\u00bb0&#8243;]<\/p>\n<h2>Contacta con nosotros para Invisalign en Bakersfield<\/h2>\n<p>Si est\u00e1s pensando en utilizar Invisalign para mejorar tu sonrisa, ponte en contacto con <strong>Santa Rita Dental Care<\/strong>. Nuestro cualificado equipo est\u00e1 aqu\u00ed para proporcionarte el mejor <strong>Invisalign en Bakersfield<\/strong>.<\/p>\n<p>Ll\u00e1manos hoy al <strong>(661) 412-7747<\/strong> o concierta una cita online.<\/p>\n<p>[\/et_pb_text][et_pb_button button_url=\u00bb@ET-DC@eyJkeW5hbWljIjp0cnVlLCJjb250ZW50IjoicG9zdF9saW5rX3VybF9wYWdlIiwic2V0dGluZ3MiOnsicG9zdF9pZCI6IjIwMSJ9fQ==@\u00bb button_text=\u00bbReservar cita\u00bb _builder_version=\u00bb4.19.4&#8243; _dynamic_attributes=\u00bbbutton_url\u00bb custom_button=\u00bbon\u00bb button_text_size=\u00bb16px\u00bb button_text_color=\u00bb#ffffff\u00bb button_bg_color=\u00bb#52a8ff\u00bb button_border_width=\u00bb7px\u00bb button_border_color=\u00bbrgba(0,0,0,0)\u00bb button_border_radius=\u00bb100px\u00bb button_font=\u00bbOpen Sans|700|||||||\u00bb animation_style=\u00bbslide\u00bb animation_direction=\u00bbbottom\u00bb button_text_color_hover=\u00bb#ffffff\u00bb button_border_color_hover=\u00bbrgba(0,0,0,0)\u00bb button_border_radius_hover=\u00bb100px\u00bb button_bg_color_hover=\u00bb#0059c3&#8243; locked=\u00bboff\u00bb global_colors_info=\u00bb{}\u00bb button_text_size__hover_enabled=\u00bboff\u00bb button_one_text_size__hover_enabled=\u00bboff\u00bb button_two_text_size__hover_enabled=\u00bboff\u00bb button_text_color__hover_enabled=\u00bbon\u00bb button_text_color__hover=\u00bb#ffffff\u00bb button_one_text_color__hover_enabled=\u00bboff\u00bb button_two_text_color__hover_enabled=\u00bboff\u00bb button_border_width__hover_enabled=\u00bboff\u00bb button_one_border_width__hover_enabled=\u00bboff\u00bb button_two_border_width__hover_enabled=\u00bboff\u00bb button_border_color__hover_enabled=\u00bbon\u00bb button_border_color__hover=\u00bbrgba(0,0,0,0)\u00bb button_one_border_color__hover_enabled=\u00bboff\u00bb button_two_border_color__hover_enabled=\u00bboff\u00bb button_border_radius__hover_enabled=\u00bbon\u00bb button_border_radius__hover=\u00bb100px\u00bb button_one_border_radius__hover_enabled=\u00bboff\u00bb button_two_border_radius__hover_enabled=\u00bboff\u00bb button_letter_spacing__hover_enabled=\u00bboff\u00bb button_one_letter_spacing__hover_enabled=\u00bboff\u00bb button_two_letter_spacing__hover_enabled=\u00bboff\u00bb button_bg_color__hover_enabled=\u00bbon\u00bb button_bg_color__hover=\u00bb#0059c3&#8243; button_one_bg_color__hover_enabled=\u00bboff\u00bb button_two_bg_color__hover_enabled=\u00bboff\u00bb][\/et_pb_button][\/et_pb_column][\/et_pb_row][\/et_pb_section]<\/p>\n","protected":false},"excerpt":{"rendered":"<p>Invisalign en Bakersfield &#8211; Santa Rita Dental Care En Santa Rita Dental Care, estamos especializados en Invisalign en Bakersfield, ofreciendo una forma moderna y discreta de enderezar tus dientes.Nuestro experimentado equipo se dedica a proporcionar un tratamiento personalizado para ayudarte a conseguir una sonrisa bella y sana.\u00bfQu\u00e9 es Invisalign? Invisalign es una serie de alineadores [&hellip;]<\/p>\n","protected":false},"author":2,"featured_media":0,"parent":3483,"menu_order":0,"comment_status":"closed","ping_status":"closed","template":"","meta":{"_et_pb_use_builder":"on","_et_pb_old_content":"","_et_gb_content_width":"","footnotes":""},"class_list":["post-785","page","type-page","status-publish","hentry"],"_links":{"self":[{"href":"https:\/\/santaritadentalcare.com\/es\/wp-json\/wp\/v2\/pages\/785","targetHints":{"allow":["GET"]}}],"collection":[{"href":"https:\/\/santaritadentalcare.com\/es\/wp-json\/wp\/v2\/pages"}],"about":[{"href":"https:\/\/santaritadentalcare.com\/es\/wp-json\/wp\/v2\/types\/page"}],"author":[{"embeddable":true,"href":"https:\/\/santaritadentalcare.com\/es\/wp-json\/wp\/v2\/users\/2"}],"replies":[{"embeddable":true,"href":"https:\/\/santaritadentalcare.com\/es\/wp-json\/wp\/v2\/comments?post=785"}],"version-history":[{"count":17,"href":"https:\/\/santaritadentalcare.com\/es\/wp-json\/wp\/v2\/pages\/785\/revisions"}],"predecessor-version":[{"id":3749,"href":"https:\/\/santaritadentalcare.com\/es\/wp-json\/wp\/v2\/pages\/785\/revisions\/3749"}],"up":[{"embeddable":true,"href":"https:\/\/santaritadentalcare.com\/es\/wp-json\/wp\/v2\/pages\/3483"}],"wp:attachment":[{"href":"https:\/\/santaritadentalcare.com\/es\/wp-json\/wp\/v2\/media?parent=785"}],"curies":[{"name":"wp","href":"https:\/\/api.w.org\/{rel}","templated":true}]}}