{"id":854,"date":"2023-01-01T23:43:11","date_gmt":"2023-01-01T23:43:11","guid":{"rendered":"https:\/\/santaritadentalcare.com\/servicios\/empastes-dentales-y-onlays\/"},"modified":"2024-06-17T03:31:18","modified_gmt":"2024-06-17T03:31:18","slug":"empastes-dentales-y-onlays","status":"publish","type":"page","link":"https:\/\/santaritadentalcare.com\/es\/servicios-2\/empastes-dentales-y-onlays\/","title":{"rendered":"Empastes dentales y onlays"},"content":{"rendered":"<p>[et_pb_section fb_built=\u00bb1&#8243; custom_padding_last_edited=\u00bbon|phone\u00bb admin_label=\u00bbHeader\u00bb _builder_version=\u00bb4.16&#8243; use_background_color_gradient=\u00bbon\u00bb background_color_gradient_stops=\u00bb#f6f7fa 0%|#ffffff 100%\u00bb background_color_gradient_overlays_image=\u00bbon\u00bb background_color_gradient_start=\u00bb#f6f7fa\u00bb background_color_gradient_end=\u00bb#ffffff\u00bb background_position=\u00bbcenter_right\u00bb custom_margin=\u00bb|||\u00bb custom_padding=\u00bb6vw||4vw||false|false\u00bb custom_padding_tablet=\u00bb||||false|false\u00bb custom_padding_phone=\u00bb||||false|false\u00bb global_colors_info=\u00bb{}\u00bb][et_pb_row _builder_version=\u00bb4.16&#8243; global_colors_info=\u00bb{}\u00bb][et_pb_column type=\u00bb4_4&#8243; _builder_version=\u00bb4.16&#8243; custom_padding=\u00bb|||\u00bb global_colors_info=\u00bb{}\u00bb custom_padding__hover=\u00bb|||\u00bb][et_pb_text _builder_version=\u00bb4.19.4&#8243; text_font=\u00bb||||||||\u00bb header_font=\u00bbCantata One||||||||\u00bb header_font_size=\u00bb50px\u00bb header_line_height=\u00bb1.4em\u00bb header_2_font=\u00bb||||||||\u00bb header_2_text_color=\u00bbrgba(0,0,0,0.35)\u00bb header_2_font_size=\u00bb20px\u00bb header_2_line_height=\u00bb1.6em\u00bb text_orientation=\u00bbcenter\u00bb animation_style=\u00bbslide\u00bb animation_direction=\u00bbbottom\u00bb header_font_size_tablet=\u00bb35px\u00bb header_font_size_phone=\u00bb25px\u00bb header_font_size_last_edited=\u00bbon|desktop\u00bb global_colors_info=\u00bb{}\u00bb]<\/p>\n<h1><span>Empastes dentales y onlays<\/span><\/h1>\n<p>[\/et_pb_text][et_pb_button button_url=\u00bb@ET-DC@eyJkeW5hbWljIjp0cnVlLCJjb250ZW50IjoicG9zdF9saW5rX3VybF9wYWdlIiwic2V0dGluZ3MiOnsicG9zdF9pZCI6IjIwMSJ9fQ==@\u00bb button_text=\u00bbReservar cita\u00bb button_alignment=\u00bbcenter\u00bb _builder_version=\u00bb4.19.4&#8243; _dynamic_attributes=\u00bbbutton_url\u00bb custom_button=\u00bbon\u00bb button_text_size=\u00bb16px\u00bb button_text_color=\u00bb#ffffff\u00bb button_bg_color=\u00bb#52a8ff\u00bb button_border_width=\u00bb7px\u00bb button_border_color=\u00bbrgba(0,0,0,0)\u00bb button_border_radius=\u00bb100px\u00bb button_font=\u00bbOpen Sans|700|||||||\u00bb animation_style=\u00bbslide\u00bb animation_direction=\u00bbbottom\u00bb button_text_color_hover=\u00bb#ffffff\u00bb button_border_color_hover=\u00bbrgba(0,0,0,0)\u00bb button_border_radius_hover=\u00bb100px\u00bb button_bg_color_hover=\u00bb#0059c3&#8243; global_colors_info=\u00bb{}\u00bb button_text_size__hover_enabled=\u00bboff\u00bb button_one_text_size__hover_enabled=\u00bboff\u00bb button_two_text_size__hover_enabled=\u00bboff\u00bb button_text_color__hover_enabled=\u00bbon\u00bb button_text_color__hover=\u00bb#ffffff\u00bb button_one_text_color__hover_enabled=\u00bboff\u00bb button_two_text_color__hover_enabled=\u00bboff\u00bb button_border_width__hover_enabled=\u00bboff\u00bb button_one_border_width__hover_enabled=\u00bboff\u00bb button_two_border_width__hover_enabled=\u00bboff\u00bb button_border_color__hover_enabled=\u00bbon\u00bb button_border_color__hover=\u00bbrgba(0,0,0,0)\u00bb button_one_border_color__hover_enabled=\u00bboff\u00bb button_two_border_color__hover_enabled=\u00bboff\u00bb button_border_radius__hover_enabled=\u00bbon\u00bb button_border_radius__hover=\u00bb100px\u00bb button_one_border_radius__hover_enabled=\u00bboff\u00bb button_two_border_radius__hover_enabled=\u00bboff\u00bb button_letter_spacing__hover_enabled=\u00bboff\u00bb button_one_letter_spacing__hover_enabled=\u00bboff\u00bb button_two_letter_spacing__hover_enabled=\u00bboff\u00bb button_bg_color__hover_enabled=\u00bbon\u00bb button_bg_color__hover=\u00bb#0059c3&#8243; button_one_bg_color__hover_enabled=\u00bboff\u00bb button_two_bg_color__hover_enabled=\u00bboff\u00bb][\/et_pb_button][\/et_pb_column][\/et_pb_row][\/et_pb_section][et_pb_section fb_built=\u00bb1&#8243; _builder_version=\u00bb4.19.4&#8243; _module_preset=\u00bbdefault\u00bb custom_padding=\u00bb||3px|||\u00bb global_colors_info=\u00bb{}\u00bb min_height=\u00bb305px\u00bb][et_pb_row _builder_version=\u00bb4.19.4&#8243; _module_preset=\u00bbdefault\u00bb global_colors_info=\u00bb{}\u00bb][et_pb_column type=\u00bb4_4&#8243; _builder_version=\u00bb4.19.4&#8243; _module_preset=\u00bbdefault\u00bb global_colors_info=\u00bb{}\u00bb][et_pb_text _builder_version=\u00bb4.19.4&#8243; _module_preset=\u00bbdefault\u00bb hover_enabled=\u00bb0&#8243; global_colors_info=\u00bb{}\u00bb sticky_enabled=\u00bb0&#8243;]<\/p>\n<p><span style=\"color: #000000;\">Los empastes ayudan a restablecer la funci\u00f3n normal de los dientes da\u00f1ados por la caries y pueden prevenir nuevas caries. Su dentista tendr\u00e1 en cuenta varios factores a la hora de elegir el material de empaste m\u00e1s adecuado para usted. Estos factores incluyen el alcance de la reparaci\u00f3n, el lugar de la boca donde se necesita el empaste y el coste.<\/span><\/p>\n<p><span style=\"color: #000000;\">Un onlay es una <a href=\"https:\/\/en.wikipedia.org\/wiki\/Dental_restoration\" target=\"_blank\" rel=\"noopener\">restauraci\u00f3n<\/a> indirecta fabricada normalmente en porcelana u oro y que se cementa sobre un diente que requiere una sustituci\u00f3n cuspal. Una corona puede verse como una incrustaci\u00f3n que cubre todas las c\u00faspides.<\/span><\/p>\n<p><span style=\"color: #000000;\">Tipo de empastes dentales:<\/span><\/p>\n<p>[\/et_pb_text][\/et_pb_column][\/et_pb_row][\/et_pb_section][et_pb_section fb_built=\u00bb1&#8243; admin_label=\u00bbVideo\u00bb _builder_version=\u00bb4.16&#8243; box_shadow_style=\u00bbpreset1&#8243; box_shadow_vertical=\u00bb-100px\u00bb box_shadow_blur=\u00bb200px\u00bb box_shadow_color=\u00bb#ffffff\u00bb global_colors_info=\u00bb{}\u00bb][et_pb_row custom_padding_last_edited=\u00bbon|tablet\u00bb _builder_version=\u00bb4.16&#8243; background_color=\u00bb#ffffff\u00bb custom_padding=\u00bb60px|60px|60px|60px|true|true\u00bb custom_padding_tablet=\u00bb|40px||40px||true\u00bb custom_padding_phone=\u00bb\u00bb border_radii=\u00bb|||20px|20px\u00bb box_shadow_style=\u00bbpreset1&#8243; box_shadow_vertical=\u00bb40px\u00bb box_shadow_blur=\u00bb60px\u00bb box_shadow_color=\u00bbrgba(0,64,135,0.06)\u00bb locked=\u00bboff\u00bb global_colors_info=\u00bb{}\u00bb][et_pb_column type=\u00bb4_4&#8243; _builder_version=\u00bb4.16&#8243; custom_padding=\u00bb|||\u00bb global_colors_info=\u00bb{}\u00bb custom_padding__hover=\u00bb|||\u00bb][et_pb_text _builder_version=\u00bb4.19.4&#8243; text_font=\u00bbOpen Sans||||||||\u00bb text_line_height=\u00bb2em\u00bb header_font=\u00bb||||||||\u00bb header_2_font=\u00bbCantata One||||||||\u00bb header_2_font_size=\u00bb40px\u00bb header_2_line_height=\u00bb1.4em\u00bb header_2_font_size_tablet=\u00bb35px\u00bb header_2_font_size_phone=\u00bb25px\u00bb header_2_font_size_last_edited=\u00bbon|phone\u00bb global_colors_info=\u00bb{}\u00bb]<\/p>\n<h3><b><span>Amalgama<\/span><\/b><\/h3>\n<blockquote>\n<div>\n<ul>\n<li>Hecho de: Una mezcla de plata, esta\u00f1o, zinc, cobre y mercurio. El mercurio es casi el 50% de la mezcla<\/li>\n<li>Tipos: Tradicional (sin adhesivo)<\/li>\n<li>Se utiliza para: Empastes en dientes posteriores<\/li>\n<li>Durabilidad: Al menos 10 a\u00f1os, normalmente m\u00e1s<\/li>\n<li>Costes: El tipo de material restaurador menos caro<\/li>\n<\/ul>\n<\/div>\n<\/blockquote>\n<blockquote>\n<div><b><span>Ventajas<\/span><\/b><\/div>\n<div>\n<ul>\n<li>Los empastes de amalgama son resistentes. Pueden soportar las fuerzas de la masticaci\u00f3n.<\/li>\n<li>Son menos costosas que las alternativas.<\/li>\n<li>Los empastes de amalgama pueden realizarse en una sola visita al dentista.<\/li>\n<li>Son menos sensibles a la humedad durante el proceso de obturaci\u00f3n que la resina compuesta.<\/li>\n<\/ul>\n<\/div>\n<\/blockquote>\n<blockquote>\n<div><b><span>Desventajas<\/span><\/b><\/div>\n<div>\n<ul>\n<li>La amalgama no coincide con el color de los dientes.<\/li>\n<li>Los empastes de amalgama pueden corroerse o deslustrarse con el tiempo. Esto puede causar decoloraci\u00f3n donde el empaste se une al diente.<\/li>\n<li>Una obturaci\u00f3n de amalgama tradicional (no adherida) no se adhiere (se mantiene unida) al diente.<\/li>\n<li>La preparaci\u00f3n de la cavidad (la \u00abbolsa\u00bb en el diente) desarrollada por su dentista requiere rebajes o salientes para mantener el empaste en su sitio. Es posible que su dentista tenga que extraer m\u00e1s parte del diente para crear una bolsa segura.<\/li>\n<li>Algunas personas pueden ser al\u00e9rgicas al mercurio o estar preocupadas por sus efectos. Las investigaciones demuestran que la cantidad de mercurio que se expone a trav\u00e9s de los empastes es similar a la que las personas reciben de otras fuentes del medio ambiente.<\/li>\n<\/ul>\n<p><span style=\"color: #383838;\"><\/span><\/div>\n<\/blockquote>\n<p>[\/et_pb_text][et_pb_text _builder_version=\u00bb4.19.4&#8243; text_font=\u00bbOpen Sans||||||||\u00bb text_line_height=\u00bb2em\u00bb header_font=\u00bb||||||||\u00bb header_2_font=\u00bbCantata One||||||||\u00bb header_2_font_size=\u00bb40px\u00bb header_2_line_height=\u00bb1.4em\u00bb header_2_font_size_tablet=\u00bb35px\u00bb header_2_font_size_phone=\u00bb25px\u00bb header_2_font_size_last_edited=\u00bbon|phone\u00bb global_colors_info=\u00bb{}\u00bb]<\/p>\n<h3><b>Resina compuesta  <\/b><\/h3>\n<blockquote>\n<ul>\n<li>Hecho de: Una mezcla de pl\u00e1stico y finas part\u00edculas de vidrio.<\/li>\n<li>Tipos: Directos e indirectos. El dentista coloca los empastes directos mediante una luz azul brillante que endurece el material blando. Para los empastes indirectos, su dentista prepara el diente y toma una impresi\u00f3n del mismo. A continuaci\u00f3n, un laboratorio o el dentista fabricar\u00e1 el empaste a partir del molde. En una segunda visita, el dentista cementa este empaste en su sitio.<\/li>\n<li>Se utiliza para: Empastes peque\u00f1os y grandes, especialmente en dientes frontales o en las partes visibles de los dientes; tambi\u00e9n para incrustaciones.<\/li>\n<li>Dura: Al menos cinco a\u00f1os<\/li>\n<li>Costes: M\u00e1s que la amalgama<\/li>\n<\/ul>\n<\/blockquote>\n<blockquote>\n<div><b><span>Ventajas<\/span><\/b><\/div>\n<div>\n<ul>\n<li>Sus empastes o incrustaciones coincidir\u00e1n con el color de sus dientes.<\/li>\n<li>Un empaste puede realizarse en una sola visita al dentista. Una incrustaci\u00f3n puede requerir dos visitas.<\/li>\n<li>Los empastes de composite pueden adherirse directamente al diente. Esto hace que el diente sea m\u00e1s fuerte de lo que ser\u00eda con un empaste de amalgama.<\/li>\n<li>Hay que taladrar menos que con los empastes de amalgama. Esto se debe a que su dentista no tiene que moldear tanto el espacio para que el empaste quede bien sujeto. El proceso de adhesi\u00f3n mantiene la resina compuesta en el diente.<\/li>\n<li>Las obturaciones e incrustaciones indirectas de composite son termopolimerizables. Este paso aumenta su fuerza.<\/li>\n<li>La resina compuesta puede utilizarse en combinaci\u00f3n con otros materiales, como el ion\u00f3mero de vidrio, para proporcionar los beneficios de ambos materiales.<\/li>\n<\/ul>\n<\/div>\n<\/blockquote>\n<blockquote>\n<div><b><span>Desventajas<\/span><\/b><\/div>\n<div>\n<ul>\n<li>Las resinas compuestas cuestan m\u00e1s que los empastes de amalgama.<\/li>\n<li>Aunque las resinas compuestas se han hecho m\u00e1s fuertes y resistentes al desgaste, no est\u00e1 claro si duran tanto como los empastes de amalgama bajo la presi\u00f3n de la masticaci\u00f3n.<\/li>\n<li>El composite puede encogerse al colocarlo, produciendo huecos entre el diente y el empaste. Esto puede provocar m\u00e1s caries en las zonas donde el empaste no hace buen contacto con el diente. La contracci\u00f3n se reduce cuando su dentista coloca este tipo de empaste en capas finas.<\/li>\n<li>Estos empastes tardan m\u00e1s tiempo en colocarse. Esto se debe a que suelen colocarse por capas. El aumento del tiempo y la mano de obra tambi\u00e9n contribuyen a elevar el coste.<\/li>\n<li>Los empastes indirectos y las incrustaciones requieren al menos dos visitas si su dentista no est\u00e1 preparado para hacer la incrustaci\u00f3n mientras usted espera. Su dentista toma impresiones en la primera visita y coloca el empaste o la incrustaci\u00f3n en la segunda.<\/li>\n<\/ul>\n<p><span style=\"color: #383838;\"><\/span><\/p>\n<\/div>\n<\/blockquote>\n<p>[\/et_pb_text][\/et_pb_column][\/et_pb_row][et_pb_row _builder_version=\u00bb4.16&#8243; custom_padding=\u00bb0|0px|0|0px|false|false\u00bb border_radii=\u00bb|20px|20px||\u00bb box_shadow_style=\u00bbpreset1&#8243; box_shadow_vertical=\u00bb40px\u00bb box_shadow_blur=\u00bb60px\u00bb box_shadow_color=\u00bbrgba(0,64,135,0.06)\u00bb global_colors_info=\u00bb{}\u00bb][et_pb_column type=\u00bb4_4&#8243; _builder_version=\u00bb4.16&#8243; custom_padding=\u00bb|||\u00bb global_colors_info=\u00bb{}\u00bb custom_padding__hover=\u00bb|||\u00bb][et_pb_image _builder_version=\u00bb4.19.4&#8243; _module_preset=\u00bbdefault\u00bb global_colors_info=\u00bb{}\u00bb][\/et_pb_image][\/et_pb_column][\/et_pb_row][\/et_pb_section][et_pb_section fb_built=\u00bb1&#8243; admin_label=\u00bbFooter\u00bb _builder_version=\u00bb4.16&#8243; use_background_color_gradient=\u00bbon\u00bb background_color_gradient_direction=\u00bb108deg\u00bb background_color_gradient_stops=\u00bb#0059c3 0%|#0081ff 100%\u00bb background_color_gradient_start=\u00bb#0059c3&#8243; background_color_gradient_end=\u00bb#0081ff\u00bb background_image=\u00bbhttps:\/\/santaritadentalcare.com\/wp-content\/uploads\/2023\/01\/dentist-08.png\u00bb parallax=\u00bbon\u00bb max_width=\u00bb90%\u00bb module_alignment=\u00bbcenter\u00bb custom_padding=\u00bb80px|0px|23vw|0px|false|false\u00bb animation_style=\u00bbroll\u00bb animation_direction=\u00bbtop\u00bb animation_intensity_roll=\u00bb2%\u00bb border_radii=\u00bb|||50vw|50vw\u00bb global_colors_info=\u00bb{}\u00bb][et_pb_row column_structure=\u00bb1_2,1_2&#8243; _builder_version=\u00bb4.16&#8243; locked=\u00bboff\u00bb global_colors_info=\u00bb{}\u00bb][et_pb_column type=\u00bb1_2&#8243; _builder_version=\u00bb4.16&#8243; custom_padding=\u00bb|||\u00bb global_colors_info=\u00bb{}\u00bb custom_padding__hover=\u00bb|||\u00bb][et_pb_image src=\u00bbhttps:\/\/santaritadentalcare.com\/wp-content\/uploads\/2023\/01\/dentist-06.png\u00bb align_tablet=\u00bbcenter\u00bb align_phone=\u00bbcenter\u00bb align_last_edited=\u00bbon|desktop\u00bb _builder_version=\u00bb4.16&#8243; animation_direction=\u00bbtop\u00bb global_colors_info=\u00bb{}\u00bb][\/et_pb_image][\/et_pb_column][et_pb_column type=\u00bb1_2&#8243; _builder_version=\u00bb4.16&#8243; custom_padding=\u00bb|||\u00bb global_colors_info=\u00bb{}\u00bb custom_padding__hover=\u00bb|||\u00bb][et_pb_text _builder_version=\u00bb4.16&#8243; text_font=\u00bb||||||||\u00bb header_2_font=\u00bbCantata One||||||||\u00bb header_2_font_size=\u00bb50px\u00bb header_2_line_height=\u00bb1.4em\u00bb background_layout=\u00bbdark\u00bb animation_style=\u00bbslide\u00bb animation_direction=\u00bbbottom\u00bb header_2_font_size_tablet=\u00bb35px\u00bb header_2_font_size_phone=\u00bb25px\u00bb header_2_font_size_last_edited=\u00bbon|desktop\u00bb locked=\u00bboff\u00bb global_colors_info=\u00bb{}\u00bb]<\/p>\n<h2>Concierte una cita  <\/h2>\n<p>[\/et_pb_text][et_pb_button button_url=\u00bb@ET-DC@eyJkeW5hbWljIjp0cnVlLCJjb250ZW50IjoicG9zdF9saW5rX3VybF9wYWdlIiwic2V0dGluZ3MiOnsicG9zdF9pZCI6IjIwMSJ9fQ==@\u00bb button_text=\u00bbReservar cita\u00bb _builder_version=\u00bb4.19.4&#8243; _dynamic_attributes=\u00bbbutton_url\u00bb custom_button=\u00bbon\u00bb button_text_size=\u00bb16px\u00bb button_text_color=\u00bb#ffffff\u00bb button_bg_color=\u00bb#52a8ff\u00bb button_border_width=\u00bb7px\u00bb button_border_color=\u00bbrgba(0,0,0,0)\u00bb button_border_radius=\u00bb100px\u00bb button_font=\u00bbOpen Sans|700|||||||\u00bb animation_style=\u00bbslide\u00bb animation_direction=\u00bbbottom\u00bb button_text_color_hover=\u00bb#ffffff\u00bb button_border_color_hover=\u00bbrgba(0,0,0,0)\u00bb button_border_radius_hover=\u00bb100px\u00bb button_bg_color_hover=\u00bb#0059c3&#8243; locked=\u00bboff\u00bb global_colors_info=\u00bb{}\u00bb button_text_size__hover_enabled=\u00bboff\u00bb button_one_text_size__hover_enabled=\u00bboff\u00bb button_two_text_size__hover_enabled=\u00bboff\u00bb button_text_color__hover_enabled=\u00bbon\u00bb button_text_color__hover=\u00bb#ffffff\u00bb button_one_text_color__hover_enabled=\u00bboff\u00bb button_two_text_color__hover_enabled=\u00bboff\u00bb button_border_width__hover_enabled=\u00bboff\u00bb button_one_border_width__hover_enabled=\u00bboff\u00bb button_two_border_width__hover_enabled=\u00bboff\u00bb button_border_color__hover_enabled=\u00bbon\u00bb button_border_color__hover=\u00bbrgba(0,0,0,0)\u00bb button_one_border_color__hover_enabled=\u00bboff\u00bb button_two_border_color__hover_enabled=\u00bboff\u00bb button_border_radius__hover_enabled=\u00bbon\u00bb button_border_radius__hover=\u00bb100px\u00bb button_one_border_radius__hover_enabled=\u00bboff\u00bb button_two_border_radius__hover_enabled=\u00bboff\u00bb button_letter_spacing__hover_enabled=\u00bboff\u00bb button_one_letter_spacing__hover_enabled=\u00bboff\u00bb button_two_letter_spacing__hover_enabled=\u00bboff\u00bb button_bg_color__hover_enabled=\u00bbon\u00bb button_bg_color__hover=\u00bb#0059c3&#8243; button_one_bg_color__hover_enabled=\u00bboff\u00bb button_two_bg_color__hover_enabled=\u00bboff\u00bb][\/et_pb_button][\/et_pb_column][\/et_pb_row][\/et_pb_section]<\/p>\n","protected":false},"excerpt":{"rendered":"<p>Empastes dentales y onlaysLos empastes ayudan a restablecer la funci\u00f3n normal de los dientes da\u00f1ados por la caries y pueden prevenir nuevas caries. Su dentista tendr\u00e1 en cuenta varios factores a la hora de elegir el material de empaste m\u00e1s adecuado para usted. Estos factores incluyen el alcance de la reparaci\u00f3n, el lugar de la [&hellip;]<\/p>\n","protected":false},"author":2,"featured_media":0,"parent":3483,"menu_order":0,"comment_status":"closed","ping_status":"closed","template":"","meta":{"_et_pb_use_builder":"on","_et_pb_old_content":"","_et_gb_content_width":"","footnotes":""},"class_list":["post-854","page","type-page","status-publish","hentry"],"_links":{"self":[{"href":"https:\/\/santaritadentalcare.com\/es\/wp-json\/wp\/v2\/pages\/854","targetHints":{"allow":["GET"]}}],"collection":[{"href":"https:\/\/santaritadentalcare.com\/es\/wp-json\/wp\/v2\/pages"}],"about":[{"href":"https:\/\/santaritadentalcare.com\/es\/wp-json\/wp\/v2\/types\/page"}],"author":[{"embeddable":true,"href":"https:\/\/santaritadentalcare.com\/es\/wp-json\/wp\/v2\/users\/2"}],"replies":[{"embeddable":true,"href":"https:\/\/santaritadentalcare.com\/es\/wp-json\/wp\/v2\/comments?post=854"}],"version-history":[{"count":7,"href":"https:\/\/santaritadentalcare.com\/es\/wp-json\/wp\/v2\/pages\/854\/revisions"}],"predecessor-version":[{"id":3604,"href":"https:\/\/santaritadentalcare.com\/es\/wp-json\/wp\/v2\/pages\/854\/revisions\/3604"}],"up":[{"embeddable":true,"href":"https:\/\/santaritadentalcare.com\/es\/wp-json\/wp\/v2\/pages\/3483"}],"wp:attachment":[{"href":"https:\/\/santaritadentalcare.com\/es\/wp-json\/wp\/v2\/media?parent=854"}],"curies":[{"name":"wp","href":"https:\/\/api.w.org\/{rel}","templated":true}]}}