{"id":855,"date":"2023-01-02T00:35:19","date_gmt":"2023-01-02T00:35:19","guid":{"rendered":"https:\/\/santaritadentalcare.com\/sobre-nosotros\/"},"modified":"2024-06-17T00:14:18","modified_gmt":"2024-06-17T00:14:18","slug":"sobre-nosotros","status":"publish","type":"page","link":"https:\/\/santaritadentalcare.com\/es\/sobre-nosotros\/","title":{"rendered":"Sobre nosotros"},"content":{"rendered":"<p>[et_pb_section fb_built=\u00bb1&#8243; custom_padding_last_edited=\u00bbon|phone\u00bb admin_label=\u00bbHeader\u00bb _builder_version=\u00bb4.16&#8243; use_background_color_gradient=\u00bbon\u00bb background_color_gradient_stops=\u00bb#f6f7fa 0%|#ffffff 100%\u00bb background_color_gradient_overlays_image=\u00bbon\u00bb background_color_gradient_start=\u00bb#f6f7fa\u00bb background_color_gradient_end=\u00bb#ffffff\u00bb background_position=\u00bbcenter_right\u00bb custom_margin=\u00bb|||\u00bb custom_padding=\u00bb0vw||0vw||true|false\u00bb custom_padding_tablet=\u00bb||||false|false\u00bb custom_padding_phone=\u00bb||||false|false\u00bb global_colors_info=\u00bb{}\u00bb][et_pb_row _builder_version=\u00bb4.16&#8243; global_colors_info=\u00bb{}\u00bb][et_pb_column type=\u00bb4_4&#8243; _builder_version=\u00bb4.16&#8243; custom_padding=\u00bb|||\u00bb global_colors_info=\u00bb{}\u00bb custom_padding__hover=\u00bb|||\u00bb][et_pb_text _builder_version=\u00bb4.16&#8243; text_font=\u00bb||||||||\u00bb header_font=\u00bbCantata One||||||||\u00bb header_font_size=\u00bb50px\u00bb header_line_height=\u00bb1.4em\u00bb header_2_font=\u00bb||||||||\u00bb header_2_text_color=\u00bbrgba(0,0,0,0.35)\u00bb header_2_font_size=\u00bb20px\u00bb header_2_line_height=\u00bb1.6em\u00bb text_orientation=\u00bbcenter\u00bb animation_style=\u00bbslide\u00bb animation_direction=\u00bbbottom\u00bb header_font_size_tablet=\u00bb35px\u00bb header_font_size_phone=\u00bb25px\u00bb header_font_size_last_edited=\u00bbon|desktop\u00bb global_colors_info=\u00bb{}\u00bb]<\/p>\n<h1>Sobre nosotros<\/h1>\n<h2>Odontolog\u00eda general, est\u00e9tica y restauradora<\/h2>\n<p>[\/et_pb_text][et_pb_button button_url=\u00bb@ET-DC@eyJkeW5hbWljIjp0cnVlLCJjb250ZW50IjoicG9zdF9saW5rX3VybF9wYWdlIiwic2V0dGluZ3MiOnsicG9zdF9pZCI6IjIwMSJ9fQ==@\u00bb button_text=\u00bbReservar cita\u00bb button_alignment=\u00bbcenter\u00bb _builder_version=\u00bb4.19.4&#8243; _dynamic_attributes=\u00bbbutton_url\u00bb custom_button=\u00bbon\u00bb button_text_size=\u00bb16px\u00bb button_text_color=\u00bb#ffffff\u00bb button_bg_color=\u00bb#52a8ff\u00bb button_border_width=\u00bb7px\u00bb button_border_color=\u00bbrgba(0,0,0,0)\u00bb button_border_radius=\u00bb100px\u00bb button_font=\u00bbOpen Sans|700|||||||\u00bb animation_style=\u00bbslide\u00bb animation_direction=\u00bbbottom\u00bb button_text_color_hover=\u00bb#ffffff\u00bb button_border_color_hover=\u00bbrgba(0,0,0,0)\u00bb button_border_radius_hover=\u00bb100px\u00bb button_bg_color_hover=\u00bb#0059c3&#8243; global_colors_info=\u00bb{}\u00bb button_text_size__hover_enabled=\u00bboff\u00bb button_one_text_size__hover_enabled=\u00bboff\u00bb button_two_text_size__hover_enabled=\u00bboff\u00bb button_text_color__hover_enabled=\u00bbon\u00bb button_text_color__hover=\u00bb#ffffff\u00bb button_one_text_color__hover_enabled=\u00bboff\u00bb button_two_text_color__hover_enabled=\u00bboff\u00bb button_border_width__hover_enabled=\u00bboff\u00bb button_one_border_width__hover_enabled=\u00bboff\u00bb button_two_border_width__hover_enabled=\u00bboff\u00bb button_border_color__hover_enabled=\u00bbon\u00bb button_border_color__hover=\u00bbrgba(0,0,0,0)\u00bb button_one_border_color__hover_enabled=\u00bboff\u00bb button_two_border_color__hover_enabled=\u00bboff\u00bb button_border_radius__hover_enabled=\u00bbon\u00bb button_border_radius__hover=\u00bb100px\u00bb button_one_border_radius__hover_enabled=\u00bboff\u00bb button_two_border_radius__hover_enabled=\u00bboff\u00bb button_letter_spacing__hover_enabled=\u00bboff\u00bb button_one_letter_spacing__hover_enabled=\u00bboff\u00bb button_two_letter_spacing__hover_enabled=\u00bboff\u00bb button_bg_color__hover_enabled=\u00bbon\u00bb button_bg_color__hover=\u00bb#0059c3&#8243; button_one_bg_color__hover_enabled=\u00bboff\u00bb button_two_bg_color__hover_enabled=\u00bboff\u00bb][\/et_pb_button][\/et_pb_column][\/et_pb_row][\/et_pb_section][et_pb_section fb_built=\u00bb1&#8243; admin_label=\u00bbProfile\u00bb _builder_version=\u00bb4.20.2&#8243; hover_enabled=\u00bb0&#8243; locked=\u00bboff\u00bb global_colors_info=\u00bb{}\u00bb disabled_on=\u00bbon|on|on\u00bb disabled=\u00bbon\u00bb sticky_enabled=\u00bb0&#8243;][et_pb_row column_structure=\u00bb2_5,3_5&#8243; padding_top_bottom_link_2=\u00bbfalse\u00bb _builder_version=\u00bb4.16&#8243; global_colors_info=\u00bb{}\u00bb][et_pb_column type=\u00bb2_5&#8243; _builder_version=\u00bb4.16&#8243; custom_padding=\u00bb|||\u00bb global_colors_info=\u00bb{}\u00bb custom_padding__hover=\u00bb|||\u00bb][et_pb_image src=\u00bbhttps:\/\/santaritadentalcare.com\/wp-content\/uploads\/2023\/01\/Screenshot-2023-01-01-at-12.01.24-PM.png\u00bb title_text=\u00bbCaptura de pantalla 2023-01-01 a las 12.01.24 PM\u00bb align_tablet=\u00bbcenter\u00bb align_phone=\u00bbcenter\u00bb align_last_edited=\u00bbon|desktop\u00bb _builder_version=\u00bb4.19.4&#8243; custom_margin=\u00bb|||\u00bb border_radii=\u00bb|10vw|10vw|10vw|\u00bb box_shadow_style=\u00bbpreset3&#8243; box_shadow_vertical=\u00bb20px\u00bb box_shadow_blur=\u00bb30px\u00bb box_shadow_color=\u00bbrgba(173,180,208,0.2)\u00bb global_colors_info=\u00bb{}\u00bb][\/et_pb_image][\/et_pb_column][et_pb_column type=\u00bb3_5&#8243; _builder_version=\u00bb4.16&#8243; custom_padding=\u00bb100px|||\u00bb custom_padding_tablet=\u00bb0px||0px|\u00bb custom_padding_last_edited=\u00bboff|desktop\u00bb global_colors_info=\u00bb{}\u00bb padding_tablet=\u00bb0px||0px|\u00bb padding_last_edited=\u00bboff|desktop\u00bb custom_padding__hover=\u00bb|||\u00bb][et_pb_text _builder_version=\u00bb4.19.4&#8243; text_font=\u00bbOpen Sans||||||||\u00bb text_line_height=\u00bb2em\u00bb header_font=\u00bb||||||||\u00bb header_2_font=\u00bbCantata One||||||||\u00bb header_2_font_size=\u00bb40px\u00bb header_2_line_height=\u00bb1.4em\u00bb header_2_font_size_tablet=\u00bb35px\u00bb header_2_font_size_phone=\u00bb25px\u00bb header_2_font_size_last_edited=\u00bbon|phone\u00bb global_colors_info=\u00bb{}\u00bb]<\/p>\n<h2>Conozca a la Dra. <span>Tisa Siadatie<\/span><\/h2>\n<p><a href=\"https:\/\/health.usnews.com\/dentists\/tisa-siadatie-1772491\" target=\"_blank\" rel=\"noopener\">Dr. Tisa Siadatie<\/a> es un avanzado dentista est\u00e9tico, prostodoncista y el fundador de Santa Rita Dental en Los \u00c1ngeles, California.<\/p>\n<p>Despu\u00e9s de obtener su DDS en 1998, la Dra. Siadatie asisti\u00f3 al programa de Residencia Post-Doctoral Prot\u00e9sica Avanzada de 3 a\u00f1os en la USC, una de las mejores facultades de odontolog\u00eda del pa\u00eds.<\/p>\n<p>El Dr. Siadatie ha establecido una distinguida reputaci\u00f3n por la entrega de la odontolog\u00eda excelente, con lo que un alto nivel de habilidad, y el desarrollo de la confianza inquebrantable con sus pacientes. A lo largo de los a\u00f1os, ha atra\u00eddo a un importante n\u00famero de pacientes satisfechos, entre los que se cuentan l\u00edderes de la comunidad y personal altamente profesional.<\/p>\n<p>En Santa Rita Dental, utilizamos equipos de \u00faltima generaci\u00f3n y las t\u00e9cnicas m\u00e1s actuales disponibles.<\/p>\n<p>El Dr. Siadatie tiene el \u00abtoque m\u00e1gico\u00bb para crear esa sonrisa perfecta. Pacientes de todo Los Angeles vienen a Santa Rita Dental para ser tratados por ella para espectaculares cambios de imagen de sonrisa.<\/p>\n<p>Su comodidad durante todos los tratamientos dentales es su mayor preocupaci\u00f3n. La Dra. Siadatie y su personal altamente cualificado se asegurar\u00e1n de que sus procedimientos sean suaves e indoloros. Su visita al dentista ser\u00e1 c\u00f3moda, positiva y agradable.<\/p>\n<p>Est\u00e1 a la vanguardia de la implantolog\u00eda dental, concentr\u00e1ndose en la conservaci\u00f3n de una boca sana y sonrisas din\u00e1micas.<\/p>\n<p>\u00abSiempre me ha gustado trabajar y crear con las manos, as\u00ed que la Prostodoncia fue una elecci\u00f3n profesional natural. Cuando empec\u00e9 mis estudios, me compromet\u00ed con la excelencia, y contin\u00fao con ese compromiso. Me esfuerzo por perfeccionar la sonrisa de cada paciente. Creo en escuchar las preocupaciones de mis pacientes y proporcionar una atenci\u00f3n personalizada para sus necesidades espec\u00edficas \u00ab<\/p>\n<p>[\/et_pb_text][\/et_pb_column][\/et_pb_row][\/et_pb_section][et_pb_section fb_built=\u00bb1&#8243; prev_background_color=\u00bb#ffffff\u00bb admin_label=\u00bbFeatures\u00bb _builder_version=\u00bb4.16&#8243; background_color=\u00bb#f3f5fa\u00bb custom_margin=\u00bb-140px|||\u00bb custom_margin_tablet=\u00bb0px|||\u00bb custom_margin_phone=\u00bb\u00bb custom_margin_last_edited=\u00bbon|tablet\u00bb custom_padding=\u00bb160px|0px|54px|0px|false|false\u00bb top_divider_style=\u00bbwave\u00bb top_divider_height=\u00bb14px\u00bb top_divider_repeat=\u00bb18x\u00bb top_divider_repeat_tablet=\u00bb9x\u00bb top_divider_repeat_phone=\u00bb4x\u00bb top_divider_repeat_last_edited=\u00bbon|phone\u00bb global_colors_info=\u00bb{}\u00bb][et_pb_row _builder_version=\u00bb4.16&#8243; locked=\u00bboff\u00bb global_colors_info=\u00bb{}\u00bb][et_pb_column type=\u00bb4_4&#8243; _builder_version=\u00bb4.16&#8243; custom_padding=\u00bb|||\u00bb global_colors_info=\u00bb{}\u00bb custom_padding__hover=\u00bb|||\u00bb][et_pb_text _builder_version=\u00bb4.20.2&#8243; _module_preset=\u00bbdefault\u00bb text_font_size=\u00bb19px\u00bb hover_enabled=\u00bb0&#8243; global_colors_info=\u00bb{}\u00bb disabled_on=\u00bbon|on|on\u00bb disabled=\u00bbon\u00bb sticky_enabled=\u00bb0&#8243;]<\/p>\n<p><span>El Dr. Siadatie es miembro del:<\/span><\/p>\n<p>[\/et_pb_text][\/et_pb_column][\/et_pb_row][et_pb_row column_structure=\u00bb1_5,1_5,1_5,1_5,1_5&#8243; _builder_version=\u00bb4.19.4&#8243; locked=\u00bboff\u00bb global_colors_info=\u00bb{}\u00bb border_width_left__hover_enabled=\u00bbon|desktop\u00bb][et_pb_column type=\u00bb1_5&#8243; _builder_version=\u00bb4.16&#8243; custom_padding=\u00bb|||\u00bb global_colors_info=\u00bb{}\u00bb custom_padding__hover=\u00bb|||\u00bb][et_pb_blurb title=\u00bbAsociaci\u00f3n Dental Americana\u00bb icon_placement=\u00bbleft\u00bb _builder_version=\u00bb4.19.4&#8243; header_level=\u00bbh3&#8243; header_font=\u00bbCantata One||||||||\u00bb header_font_size=\u00bb20px\u00bb header_line_height=\u00bb1.6em\u00bb body_font=\u00bbOpen Sans||||||||\u00bb body_line_height=\u00bb2em\u00bb text_orientation=\u00bbcenter\u00bb animation=\u00bboff\u00bb global_colors_info=\u00bb{}\u00bb][\/et_pb_blurb][\/et_pb_column][et_pb_column type=\u00bb1_5&#8243; _builder_version=\u00bb4.16&#8243; custom_padding=\u00bb|||\u00bb global_colors_info=\u00bb{}\u00bb custom_padding__hover=\u00bb|||\u00bb][et_pb_blurb title=\u00bbSociedad Dental de California\u00bb icon_placement=\u00bbleft\u00bb _builder_version=\u00bb4.19.4&#8243; header_level=\u00bbh3&#8243; header_font=\u00bbCantata One||||||||\u00bb header_font_size=\u00bb20px\u00bb header_line_height=\u00bb1.6em\u00bb body_font=\u00bbOpen Sans||||||||\u00bb body_line_height=\u00bb2em\u00bb text_orientation=\u00bbcenter\u00bb animation=\u00bboff\u00bb locked=\u00bboff\u00bb global_colors_info=\u00bb{}\u00bb][\/et_pb_blurb][\/et_pb_column][et_pb_column type=\u00bb1_5&#8243; _builder_version=\u00bb4.16&#8243; custom_padding=\u00bb|||\u00bb global_colors_info=\u00bb{}\u00bb custom_padding__hover=\u00bb|||\u00bb][et_pb_blurb title=\u00bbColegio Americano de Prostodoncistas\u00bb icon_placement=\u00bbleft\u00bb _builder_version=\u00bb4.19.4&#8243; header_level=\u00bbh3&#8243; header_font=\u00bbCantata One||||||||\u00bb header_font_size=\u00bb20px\u00bb header_line_height=\u00bb1.6em\u00bb body_font=\u00bbOpen Sans||||||||\u00bb body_line_height=\u00bb2em\u00bb text_orientation=\u00bbcenter\u00bb animation=\u00bboff\u00bb locked=\u00bboff\u00bb global_colors_info=\u00bb{}\u00bb][\/et_pb_blurb][\/et_pb_column][et_pb_column type=\u00bb1_5&#8243; _builder_version=\u00bb4.16&#8243; custom_padding=\u00bb|||\u00bb global_colors_info=\u00bb{}\u00bb custom_padding__hover=\u00bb|||\u00bb][et_pb_blurb title=\u00bbAcademia de Osteointegraci\u00f3n\u00bb icon_placement=\u00bbleft\u00bb _builder_version=\u00bb4.19.4&#8243; header_level=\u00bbh3&#8243; header_font=\u00bbCantata One||||||||\u00bb header_font_size=\u00bb20px\u00bb header_line_height=\u00bb1.6em\u00bb body_font=\u00bbOpen Sans||||||||\u00bb body_line_height=\u00bb2em\u00bb text_orientation=\u00bbcenter\u00bb animation=\u00bboff\u00bb locked=\u00bboff\u00bb global_colors_info=\u00bb{}\u00bb][\/et_pb_blurb][\/et_pb_column][et_pb_column type=\u00bb1_5&#8243; _builder_version=\u00bb4.16&#8243; custom_padding=\u00bb|||\u00bb global_colors_info=\u00bb{}\u00bb custom_padding__hover=\u00bb|||\u00bb][et_pb_blurb title=\u00bbSociedad Dental de Los \u00c1ngeles Oeste\u00bb icon_placement=\u00bbleft\u00bb _builder_version=\u00bb4.19.4&#8243; header_level=\u00bbh3&#8243; header_font=\u00bbCantata One||||||||\u00bb header_font_size=\u00bb20px\u00bb header_line_height=\u00bb1.6em\u00bb body_font=\u00bbOpen Sans||||||||\u00bb body_line_height=\u00bb2em\u00bb text_orientation=\u00bbcenter\u00bb animation=\u00bboff\u00bb locked=\u00bboff\u00bb global_colors_info=\u00bb{}\u00bb][\/et_pb_blurb][\/et_pb_column][\/et_pb_row][\/et_pb_section][et_pb_section fb_built=\u00bb1&#8243; admin_label=\u00bbFooter\u00bb _builder_version=\u00bb4.16&#8243; use_background_color_gradient=\u00bbon\u00bb background_color_gradient_direction=\u00bb108deg\u00bb background_color_gradient_stops=\u00bb#0059c3 0%|#0081ff 100%\u00bb background_color_gradient_start=\u00bb#0059c3&#8243; background_color_gradient_end=\u00bb#0081ff\u00bb background_image=\u00bbhttps:\/\/santaritadentalcare.com\/wp-content\/uploads\/2023\/01\/dentist-08.png\u00bb parallax=\u00bbon\u00bb max_width=\u00bb90%\u00bb module_alignment=\u00bbcenter\u00bb custom_padding=\u00bb80px|0px|23vw|0px|false|false\u00bb animation_style=\u00bbroll\u00bb animation_direction=\u00bbtop\u00bb animation_intensity_roll=\u00bb2%\u00bb border_radii=\u00bb|||50vw|50vw\u00bb global_colors_info=\u00bb{}\u00bb][et_pb_row column_structure=\u00bb1_2,1_2&#8243; _builder_version=\u00bb4.16&#8243; locked=\u00bboff\u00bb global_colors_info=\u00bb{}\u00bb][et_pb_column type=\u00bb1_2&#8243; _builder_version=\u00bb4.16&#8243; custom_padding=\u00bb|||\u00bb global_colors_info=\u00bb{}\u00bb custom_padding__hover=\u00bb|||\u00bb][et_pb_image src=\u00bbhttps:\/\/santaritadentalcare.com\/wp-content\/uploads\/2023\/01\/dentist-06.png\u00bb align_tablet=\u00bbcenter\u00bb align_phone=\u00bbcenter\u00bb align_last_edited=\u00bbon|desktop\u00bb _builder_version=\u00bb4.16&#8243; animation_direction=\u00bbtop\u00bb global_colors_info=\u00bb{}\u00bb][\/et_pb_image][\/et_pb_column][et_pb_column type=\u00bb1_2&#8243; _builder_version=\u00bb4.16&#8243; custom_padding=\u00bb|||\u00bb global_colors_info=\u00bb{}\u00bb custom_padding__hover=\u00bb|||\u00bb][et_pb_text _builder_version=\u00bb4.16&#8243; text_font=\u00bb||||||||\u00bb header_2_font=\u00bbCantata One||||||||\u00bb header_2_font_size=\u00bb50px\u00bb header_2_line_height=\u00bb1.4em\u00bb background_layout=\u00bbdark\u00bb animation_style=\u00bbslide\u00bb animation_direction=\u00bbbottom\u00bb header_2_font_size_tablet=\u00bb35px\u00bb header_2_font_size_phone=\u00bb25px\u00bb header_2_font_size_last_edited=\u00bbon|desktop\u00bb locked=\u00bboff\u00bb global_colors_info=\u00bb{}\u00bb]<\/p>\n<h2>Concierte una cita  <\/h2>\n<p>[\/et_pb_text][et_pb_button button_url=\u00bb@ET-DC@eyJkeW5hbWljIjp0cnVlLCJjb250ZW50IjoicG9zdF9saW5rX3VybF9wYWdlIiwic2V0dGluZ3MiOnsicG9zdF9pZCI6IjIwMSJ9fQ==@\u00bb button_text=\u00bbReservar cita\u00bb _builder_version=\u00bb4.19.4&#8243; _dynamic_attributes=\u00bbbutton_url\u00bb custom_button=\u00bbon\u00bb button_text_size=\u00bb16px\u00bb button_text_color=\u00bb#ffffff\u00bb button_bg_color=\u00bb#52a8ff\u00bb button_border_width=\u00bb7px\u00bb button_border_color=\u00bbrgba(0,0,0,0)\u00bb button_border_radius=\u00bb100px\u00bb button_font=\u00bbOpen Sans|700|||||||\u00bb animation_style=\u00bbslide\u00bb animation_direction=\u00bbbottom\u00bb button_text_color_hover=\u00bb#ffffff\u00bb button_border_color_hover=\u00bbrgba(0,0,0,0)\u00bb button_border_radius_hover=\u00bb100px\u00bb button_bg_color_hover=\u00bb#0059c3&#8243; locked=\u00bboff\u00bb global_colors_info=\u00bb{}\u00bb button_text_size__hover_enabled=\u00bboff\u00bb button_one_text_size__hover_enabled=\u00bboff\u00bb button_two_text_size__hover_enabled=\u00bboff\u00bb button_text_color__hover_enabled=\u00bbon\u00bb button_text_color__hover=\u00bb#ffffff\u00bb button_one_text_color__hover_enabled=\u00bboff\u00bb button_two_text_color__hover_enabled=\u00bboff\u00bb button_border_width__hover_enabled=\u00bboff\u00bb button_one_border_width__hover_enabled=\u00bboff\u00bb button_two_border_width__hover_enabled=\u00bboff\u00bb button_border_color__hover_enabled=\u00bbon\u00bb button_border_color__hover=\u00bbrgba(0,0,0,0)\u00bb button_one_border_color__hover_enabled=\u00bboff\u00bb button_two_border_color__hover_enabled=\u00bboff\u00bb button_border_radius__hover_enabled=\u00bbon\u00bb button_border_radius__hover=\u00bb100px\u00bb button_one_border_radius__hover_enabled=\u00bboff\u00bb button_two_border_radius__hover_enabled=\u00bboff\u00bb button_letter_spacing__hover_enabled=\u00bboff\u00bb button_one_letter_spacing__hover_enabled=\u00bboff\u00bb button_two_letter_spacing__hover_enabled=\u00bboff\u00bb button_bg_color__hover_enabled=\u00bbon\u00bb button_bg_color__hover=\u00bb#0059c3&#8243; button_one_bg_color__hover_enabled=\u00bboff\u00bb button_two_bg_color__hover_enabled=\u00bboff\u00bb][\/et_pb_button][\/et_pb_column][\/et_pb_row][\/et_pb_section][et_pb_section fb_built=\u00bb1&#8243; admin_label=\u00bbContact Info\u00bb _builder_version=\u00bb4.16&#8243; global_colors_info=\u00bb{}\u00bb][et_pb_row column_structure=\u00bb1_3,1_3,1_3&#8243; _builder_version=\u00bb4.16&#8243; locked=\u00bboff\u00bb global_colors_info=\u00bb{}\u00bb][et_pb_column type=\u00bb1_3&#8243; _builder_version=\u00bb4.16&#8243; custom_padding=\u00bb|||\u00bb global_colors_info=\u00bb{}\u00bb custom_padding__hover=\u00bb|||\u00bb][et_pb_blurb title=\u00bbLlame al: (661) 412 7747&#8243; url=\u00bbtel:+16614127747&#8243; use_icon=\u00bbon\u00bb font_icon=\u00bb&#xe090;||divi||400&#8243; icon_color=\u00bb#0072ff\u00bb icon_placement=\u00bbleft\u00bb _builder_version=\u00bb4.19.4&#8243; header_font=\u00bbCantata One||||||||\u00bb header_line_height=\u00bb1.6em\u00bb body_font=\u00bb||||||||\u00bb body_line_height=\u00bb2em\u00bb animation=\u00bboff\u00bb global_colors_info=\u00bb{}\u00bb][\/et_pb_blurb][\/et_pb_column][et_pb_column type=\u00bb1_3&#8243; _builder_version=\u00bb4.19.4&#8243; _module_preset=\u00bbdefault\u00bb global_colors_info=\u00bb{}\u00bb][et_pb_blurb title=\u00bbSanta Rita Dental\u00bb use_icon=\u00bbon\u00bb font_icon=\u00bb&#xf276;||fa||900&#8243; icon_color=\u00bb#0072ff\u00bb icon_placement=\u00bbleft\u00bb _builder_version=\u00bb4.19.4&#8243; header_font=\u00bbCantata One||||||||\u00bb header_line_height=\u00bb1.6em\u00bb body_font=\u00bb||||||||\u00bb body_line_height=\u00bb2em\u00bb animation=\u00bboff\u00bb global_colors_info=\u00bb{}\u00bb]<\/p>\n<div>3873 Stockdale hwy<\/div>\n<div>Bakersfield, CA 93309<\/div>\n<p>[\/et_pb_blurb][\/et_pb_column][et_pb_column type=\u00bb1_3&#8243; _builder_version=\u00bb4.16&#8243; custom_padding=\u00bb|||\u00bb global_colors_info=\u00bb{}\u00bb custom_padding__hover=\u00bb|||\u00bb][et_pb_blurb title=\u00bbHorario de trabajo\u00bb use_icon=\u00bbon\u00bb font_icon=\u00bb&#xe06b;||divi||400&#8243; icon_color=\u00bb#0072ff\u00bb icon_placement=\u00bbleft\u00bb _builder_version=\u00bb4.19.4&#8243; header_font=\u00bbCantata One||||||||\u00bb header_line_height=\u00bb1.6em\u00bb body_font=\u00bb||||||||\u00bb body_line_height=\u00bb2em\u00bb animation=\u00bboff\u00bb global_colors_info=\u00bb{}\u00bb]<\/p>\n<div class=\"open-hours-item\">Lun &#8211; Vie <time>10:00 am<\/time><span> <\/span>&#8211;<span> <\/span> 8<time>:00<\/time> pm<\/div>\n<div class=\"open-hours-item\">S\u00e1bado <time>10:00 h<\/time><span> <\/span>&#8211;<span> <\/span> 15<time>:00 h<\/time><\/div>\n<div class=\"open-hours-item\">Domingo Cerrado<\/div>\n<p>[\/et_pb_blurb][\/et_pb_column][\/et_pb_row][\/et_pb_section][et_pb_section fb_built=\u00bb1&#8243; fullwidth=\u00bbon\u00bb prev_background_color=\u00bb#ffffff\u00bb admin_label=\u00bbMap\u00bb _builder_version=\u00bb4.16&#8243; background_color=\u00bb#f6f7fa\u00bb top_divider_style=\u00bbwave\u00bb top_divider_height=\u00bb14px\u00bb top_divider_repeat=\u00bb18x\u00bb top_divider_repeat_tablet=\u00bb9x\u00bb top_divider_repeat_phone=\u00bb4x\u00bb top_divider_repeat_last_edited=\u00bbon|phone\u00bb global_colors_info=\u00bb{}\u00bb][et_pb_fullwidth_map google_api_key=\u00bbAIzaSyAoLG9HHNvs5HuXKhkfnmLoG-384vZJXco\u00bb address=\u00bb3873 Stockdale Hwy, Bakersfield, CA 93309, USA\u00bb zoom_level=\u00bb20&#8243; address_lat=\u00bb35.3539602&#8243; address_lng=\u00bb-119.0502243&#8243; mouse_wheel=\u00bboff\u00bb _builder_version=\u00bb4.19.4&#8243; filter_saturate=\u00bb200%\u00bb mix_blend_mode=\u00bbmultiply\u00bb link_option_url=\u00bbhttps:\/\/goo.gl\/maps\/rDb38AV3VWnLmx1R7&#8243; link_option_url_new_window=\u00bbon\u00bb global_colors_info=\u00bb{}\u00bb][et_pb_map_pin title=\u00bbSanta Rita Dental\u00bb pin_address=\u00bb3873 Stockdale Hwy, Bakersfield, CA 93309, USA\u00bb pin_address_lat=\u00bb35.3539599&#8243; pin_address_lng=\u00bb-119.0502249&#8243; _builder_version=\u00bb4.19.4&#8243; _module_preset=\u00bbdefault\u00bb global_colors_info=\u00bb{}\u00bb][\/et_pb_map_pin][\/et_pb_fullwidth_map][\/et_pb_section]<\/p>\n","protected":false},"excerpt":{"rendered":"<p>Sobre nosotros Odontolog\u00eda general, est\u00e9tica y restauradoraConozca a la Dra. Tisa Siadatie Dr. Tisa Siadatie es un avanzado dentista est\u00e9tico, prostodoncista y el fundador de Santa Rita Dental en Los \u00c1ngeles, California. Despu\u00e9s de obtener su DDS en 1998, la Dra. Siadatie asisti\u00f3 al programa de Residencia Post-Doctoral Prot\u00e9sica Avanzada de 3 a\u00f1os en la [&hellip;]<\/p>\n","protected":false},"author":2,"featured_media":0,"parent":0,"menu_order":0,"comment_status":"closed","ping_status":"closed","template":"","meta":{"_et_pb_use_builder":"on","_et_pb_old_content":"","_et_gb_content_width":"","footnotes":""},"class_list":["post-855","page","type-page","status-publish","hentry"],"_links":{"self":[{"href":"https:\/\/santaritadentalcare.com\/es\/wp-json\/wp\/v2\/pages\/855","targetHints":{"allow":["GET"]}}],"collection":[{"href":"https:\/\/santaritadentalcare.com\/es\/wp-json\/wp\/v2\/pages"}],"about":[{"href":"https:\/\/santaritadentalcare.com\/es\/wp-json\/wp\/v2\/types\/page"}],"author":[{"embeddable":true,"href":"https:\/\/santaritadentalcare.com\/es\/wp-json\/wp\/v2\/users\/2"}],"replies":[{"embeddable":true,"href":"https:\/\/santaritadentalcare.com\/es\/wp-json\/wp\/v2\/comments?post=855"}],"version-history":[{"count":7,"href":"https:\/\/santaritadentalcare.com\/es\/wp-json\/wp\/v2\/pages\/855\/revisions"}],"predecessor-version":[{"id":3356,"href":"https:\/\/santaritadentalcare.com\/es\/wp-json\/wp\/v2\/pages\/855\/revisions\/3356"}],"wp:attachment":[{"href":"https:\/\/santaritadentalcare.com\/es\/wp-json\/wp\/v2\/media?parent=855"}],"curies":[{"name":"wp","href":"https:\/\/api.w.org\/{rel}","templated":true}]}}